{"id":90081,"date":"2021-03-30T14:31:19","date_gmt":"2021-03-30T12:31:19","guid":{"rendered":"https:\/\/undsgn.com\/uncode\/?page_id=90081"},"modified":"2025-06-14T19:29:33","modified_gmt":"2025-06-14T19:29:33","slug":"webrisor-digital-marketing-ecommerce-solutions","status":"publish","type":"page","link":"https:\/\/webrisor.com\/fr\/","title":{"rendered":"Webrisor &#8211; Digital Marketing &#038; Ecommerce Solutions"},"content":{"rendered":"<div class=\"wpb-content-wrapper\"><div data-parent=\"true\" class=\"vc_row style-color-jevc-bg parallax-move row-container has-dividers\"data-parallax-move=\"3\" style=\"z-index: 1;\" id=\"row-unique-0\"><div class=\"row-background background-element\">\n\t\t\t\t\t\t\t\t\t\t\t<div class=\"background-wrapper\">\n\t\t\t\t\t\t\t\t\t\t\t\t<div class=\"background-inner self-video uncode-video-container\" style=\"background-image: url(https:\/\/webrisor.com\/wp-content\/uploads\/2025\/03\/image-placeholder-2.jpg);background-repeat: no-repeat;background-position: center bottom;background-attachment: scroll;background-size: cover;\"><div style=\"width: 640px;\" class=\"wp-video\"><video onloadeddata=\"this.play();\" loop playsinline muted aria-hidden=\"true\" role=\"presentation\" data-keepplaying class=\"background-video-shortcode\" data-ratio=\"1.7777777777778\" id=\"video-90081-1\" width=\"640\" height=\"360\" preload=\"metadata\" ><source type=\"video\/mp4\" src=\"https:\/\/webrisor.com\/wp-content\/uploads\/2025\/03\/video.mp4?_=1\" \/><\/video><\/div><\/div>\n\t\t\t\t\t\t\t\t\t\t\t\t<div class=\"block-bg-overlay style-color-jevc-bg\" style=\"opacity: 0.25;\"><\/div>\n\t\t\t\t\t\t\t\t\t\t\t<\/div>\n\t\t\t\t\t\t\t\t\t\t<\/div><div class=\"uncode-divider-wrap uncode-divider-wrap-bottom z_index_0\" style=\"height: 100%; opacity: 0.5\" data-height=\"100\" data-unit=\"%\"><svg version=\"1.1\" class=\"uncode-row-divider uncode-row-divider-gradient\" x=\"0px\" y=\"0px\" width=\"240px\" height=\"24px\" viewbox=\"0 0 240 24\" enable-background=\"new 0 0 240 24\" xml:space=\"preserve\" preserveaspectratio=\"none\">\n\t\t<lineargradient id=\"svg-gradient-869531\" gradientunits=\"userSpaceOnUse\" x1=\"119.9995\" y1=\"0\" x2=\"119.9995\" y2=\"24.0005\">\n\t\t\t<stop  offset=\"0\" style=\"stop-color:#000000;stop-opacity:0\"\/>\n\t\t\t<stop  offset=\"1\" style=\"stop-color:#000000\"\/>\n\t\t<\/lineargradient>\n\t\t<path fill=\"url(#svg-gradient-869531)\" d=\"M240,24V0H0v24H240z\"\/>\n\t\t<\/svg><\/div><div class=\"row penta-top-padding penta-bottom-padding single-h-padding limit-width row-parent\" data-height-ratio=\"full\"><div class=\"wpb_row row-inner\"><div class=\"wpb_column pos-middle pos-center align_center align_center_mobile column_parent col-lg-12 double-internal-gutter\"><div class=\"uncol style-dark animate_when_almost_visible alpha-anim\"  data-delay=\"400\" data-speed=\"1000\"><div class=\"uncoltable\"><div class=\"uncell\" ><div class=\"uncont no-block-padding col-custom-width\" style=\" max-width:960px;\" ><div class=\"vc_custom_heading_wrap\"><div class=\"heading-text el-text curtain animate_inner_when_almost_visible el-text-split\" data-speed=\"1000\"><h3 class=\"font-161747 custom fontspace-781688 font-weight-600 fontsize-137083-custom font-obs\" data-style=\"normal\" data-weight=\"600\" data-font=\"Instrument Sans\"><span class=\"heading-text-inner\"><span class=\"split-word word1\"><span class=\"split-word-flow\"><span class=\"split-word-inner\">Marketing<\/span><\/span><\/span><span class=\"split-word word2\"><span class=\"split-word-flow\"><span class=\"split-word-inner split-empty-inner\"><span class=\"split-word-empty\">&nbsp;<\/span>num\u00e9rique<\/span><\/span><\/span><span class=\"split-word word3\"><span class=\"split-word-flow\"><span class=\"split-word-inner split-empty-inner\"><span class=\"split-word-empty\">&nbsp;<\/span>et<\/span><\/span><\/span><span class=\"split-word split-word-empty\">&nbsp;<\/span><span class=\"split-word uncode-rotating-span uncode-rotating-text-start\" data-text=\"ecomm|amazon|web|&nbsp;strategy&nbsp;\" data-wait=\"2000\">&nbsp;<\/span><span class=\"split-word word4\"><span class=\"split-word-flow\"><span class=\"split-word-inner split-empty-inner\"><span class=\"split-word-empty\">&nbsp;<\/span><span class=\"split-char char153\">s<\/span><span class=\"split-char char154\">t<\/span><span class=\"split-char char155\">r<\/span><span class=\"split-char char156\">a<\/span><span class=\"split-char char157\">t<\/span><span class=\"split-char char158\">e<\/span><span class=\"split-char char159\">g<\/span><span class=\"split-char char160\">y<\/span><\/span><\/span><\/span><span class=\"split-word split-word-empty\">&nbsp;<\/span><span class=\"split-word uncode-rotating-span uncode-rotating-text-end\">&nbsp;<\/span><\/span><\/h3><\/div><div class=\"clear\"><\/div><\/div><div class=\"animate_when_almost_visible bottom-t-top icon-box icon-box-top\" data-delay=\"400\" data-speed=\"1000\"><div class=\"icon-box-icon fa-container\" style=\"margin-bottom: 0px;\"><a role=\"button\" href=\"#intro\" class=\"fa fa-stack fa-2x btn-default fa-rounded icon-animated custom-link\"><span class=\"icon-automatic-video icon-automatic-fa-2x icon-animated btn-default\"><span class=\"icon-automatic-video-inner-bg\"><\/span><span class=\"icon-automatic-video-outer-bg\"><\/span><\/span><i class=\"fa fa-arrow-down4\"><\/i><\/a><\/div><\/div><\/div><\/div><\/div><\/div><\/div><script id=\"script-row-unique-0\" data-row=\"script-row-unique-0\" type=\"text\/javascript\" class=\"vc_controls\">UNCODE.initRow(document.getElementById(\"row-unique-0\"));<\/script><\/div><\/div><\/div><div data-parent=\"true\" class=\"vc_row style-color-xsdn-bg row-container onepage-section\" data-label=\"intro\" data-name=\"intro\" style=\"z-index: 1;\" id=\"row-unique-1\"><div class=\"row col-double-gutter penta-top-padding penta-bottom-padding single-h-padding limit-width row-parent\"><div class=\"wpb_row row-inner\"><div class=\"wpb_column pos-top pos-center align_left column_parent col-lg-12 double-internal-gutter\"><div class=\"uncol style-light animate_when_almost_visible alpha-anim\"  data-speed=\"1000\"><div class=\"uncoltable\"><div class=\"uncell no-block-padding\" ><div class=\"uncont\" ><div class=\"vc_custom_heading_wrap\"><div class=\"heading-text el-text\" ><h2 class=\"font-161747 custom fontheight-357766 fontspace-781688 font-weight-600 text-color-wvjs-color fontsize-157277-custom\" ><span>Nous accompagnons les marques dans leur croissance en ligne gr\u00e2ce \u00e0 une vision strat\u00e9gique. Du r\u00e9f\u00e9rencement payant aux r\u00e9seaux sociaux, de la vitrine web au panier d\u2019achat, nous optimisons chaque interaction.<\/span><\/h2><\/div><div class=\"clear\"><\/div><\/div><div class=\"vc_row row-internal row-container\"><div class=\"row col-double-gutter row-child\"><div class=\"wpb_row row-inner\"><div class=\"wpb_column pos-top pos-center align_left column_child col-lg-4 half-internal-gutter\"><div class=\"uncol style-light font-161747\" ><div class=\"uncoltable\"><div class=\"uncell no-block-padding\" ><div class=\"uncont\" ><div class=\"vc_custom_heading_wrap\"><div class=\"heading-text el-text\" ><h3 class=\"font-161747 h3 fontspace-781688 font-weight-600 text-accent-color\" ><span>Strat\u00e9gie pilot\u00e9e par la performance<\/span><\/h3><\/div><div class=\"clear\"><\/div><\/div><div class=\"uncode_text_column text-lead\" ><p>Chaque dollar investi doit g\u00e9n\u00e9rer de la valeur. C\u2019est pourquoi nos d\u00e9cisions reposent sur l\u2019analyse de donn\u00e9es, des indicateurs cl\u00e9s de performance (ICP) clairs et une am\u00e9lioration continue\u2014que ce soit pour vos campagnes publicitaires, votre plateforme transactionnelle ou vos entonnoirs d\u2019infolettres.<\/p>\n<\/div><\/div><\/div><\/div><\/div><\/div><div class=\"wpb_column pos-top pos-center align_left column_child col-lg-4 half-internal-gutter\"><div class=\"uncol style-light font-161747\" ><div class=\"uncoltable\"><div class=\"uncell no-block-padding\" ><div class=\"uncont\" ><div class=\"vc_custom_heading_wrap\"><div class=\"heading-text el-text\" ><h3 class=\"font-161747 h3 fontspace-781688 font-weight-600 text-accent-color\" ><span>Approche omnicanale<\/span><\/h3><\/div><div class=\"clear\"><\/div><\/div><div class=\"uncode_text_column text-lead\" ><p>Le succ\u00e8s num\u00e9rique ne se cr\u00e9e pas en silo. Nous harmonisons m\u00e9dias payants, Amazon, commerce \u00e9lectronique, courriels et r\u00e9seaux sociaux pour former un \u00e9cosyst\u00e8me coh\u00e9rent qui renforce votre marque et soutient une croissance soutenue \u00e0 chaque \u00e9tape du parcours client.<\/p>\n<\/div><\/div><\/div><\/div><\/div><\/div><div class=\"wpb_column pos-top pos-center align_left column_child col-lg-4 half-internal-gutter\"><div class=\"uncol style-light font-161747\" ><div class=\"uncoltable\"><div class=\"uncell no-block-padding\" ><div class=\"uncont\" ><div class=\"vc_custom_heading_wrap\"><div class=\"heading-text el-text\" ><h3 class=\"font-161747 h3 fontspace-781688 font-weight-600 text-accent-color\" ><span>Ex\u00e9cution en partenariat<\/span><\/h3><\/div><div class=\"clear\"><\/div><\/div><div class=\"uncode_text_column text-lead text-color-wvjs-color\" ><p>Nous ne sommes pas de simples prestataires : nous devenons un membre \u00e0 part enti\u00e8re de votre \u00e9quipe. Communication transparente, suggestions proactives et responsabilit\u00e9 partag\u00e9e\u2014voil\u00e0 notre engagement pour atteindre vos objectifs d\u2019affaires.<\/p>\n<\/div><\/div><\/div><\/div><\/div><\/div><\/div><\/div><\/div><\/div><\/div><\/div><\/div><\/div><script id=\"script-row-unique-1\" data-row=\"script-row-unique-1\" type=\"text\/javascript\" class=\"vc_controls\">UNCODE.initRow(document.getElementById(\"row-unique-1\"));<\/script><\/div><\/div><\/div><div data-parent=\"true\" class=\"vc_row style-color-nhtu-bg row-container onepage-section\" data-label=\"About Me\" data-name=\"about-me\" style=\"z-index: 1;\" id=\"row-unique-2\"><div class=\"row penta-top-padding penta-bottom-padding single-h-padding limit-width row-parent\"><div class=\"wpb_row row-inner\"><div class=\"wpb_column pos-middle pos-center align_left column_parent col-lg-12 double-internal-gutter\"><div class=\"uncol style-dark animate_when_almost_visible alpha-anim\"  data-speed=\"1000\"><div class=\"uncoltable\"><div class=\"uncell no-block-padding\" ><div class=\"uncont\" ><div class=\"vc_row row-internal row-container\"><div class=\"row col-double-gutter row-child\"><div class=\"wpb_row row-inner\"><div class=\"wpb_column pos-bottom pos-center align_left align_center_mobile column_child col-lg-6 single-internal-gutter\"><div class=\"uncol style-dark\" ><div class=\"uncoltable\"><div class=\"uncell no-block-padding\" ><div class=\"uncont\" ><div class=\"vc_custom_heading_wrap\"><div class=\"heading-text el-text\" ><h3 class=\"font-161747 fontsize-338686 fontspace-781688 font-weight-600\" ><span>Une expertise reconnue.<br \/><\/span><span>Adopt\u00e9e par des marques de toutes tailles.<\/span><\/h3><\/div><div class=\"clear\"><\/div><\/div><\/div><\/div><\/div><\/div><\/div><div class=\"wpb_column pos-bottom pos-left align_left align_center_mobile column_child col-lg-6 double-internal-gutter\"><div class=\"uncol style-dark\" ><div class=\"uncoltable\"><div class=\"uncell no-block-padding\" ><div class=\"uncont\" ><\/div><\/div><\/div><\/div><\/div><\/div><\/div><\/div><div class=\"divider-wrapper\"  >\n    <hr class=\"border-,Default-color separator-no-padding\"  \/>\n<\/div>\n<div class=\"vc_row row-internal row-container\"><div class=\"row col-double-gutter row-child\"><div class=\"wpb_row row-inner\"><div class=\"wpb_column pos-top pos-center align_left column_child col-lg-3 col-md-50 col-sm-50 half-internal-gutter\"><div class=\"uncol style-dark\" ><div class=\"uncoltable\"><div class=\"uncell no-block-padding\" ><div class=\"uncont\" ><div class=\"uncode-wrapper uncode-counter-wrap\" ><p  class=\"font-161747 fontsize-338686 font-weight-600 fontheight-179065 fontspace-111509 fontspace-111509\"><span class=\"uncode-counter counter text-accent-color\" data-val=\"100\">100<\/span><span class=\"counter-suffix text-accent-color\">+<\/span><\/p><\/div><div class=\"vc_custom_heading_wrap\"><div class=\"heading-text el-text\" ><h3 class=\"font-161747 h3 fontspace-781688 font-weight-600\" ><span>clients combl\u00e9s<\/span><\/h3><\/div><div class=\"clear\"><\/div><\/div><\/div><\/div><\/div><\/div><\/div><div class=\"wpb_column pos-top pos-center align_left column_child col-lg-3 col-md-50 col-sm-50 half-internal-gutter\"><div class=\"uncol style-dark\" ><div class=\"uncoltable\"><div class=\"uncell no-block-padding\" ><div class=\"uncont\" ><div class=\"uncode-wrapper uncode-counter-wrap\" ><p  class=\"font-161747 fontsize-338686 font-weight-600 fontheight-179065 fontspace-111509 fontspace-111509\"><span class=\"counter-prefix text-accent-color\">$<\/span><span class=\"uncode-counter counter text-accent-color\" data-val=\"40\">40<\/span><span class=\"counter-suffix text-accent-color\">M+<\/span><\/p><\/div><div class=\"vc_custom_heading_wrap\"><div class=\"heading-text el-text\" ><h3 class=\"font-161747 h3 fontspace-781688 font-weight-600\" ><span>de budget m\u00e9dia g\u00e9r\u00e9<\/span><\/h3><\/div><div class=\"clear\"><\/div><\/div><\/div><\/div><\/div><\/div><\/div><div class=\"wpb_column pos-top pos-center align_left column_child col-lg-3 col-md-50 col-md-clear col-sm-50 col-sm-clear half-internal-gutter\"><div class=\"uncol style-dark\" ><div class=\"uncoltable\"><div class=\"uncell no-block-padding\" ><div class=\"uncont\" ><div class=\"uncode-wrapper uncode-counter-wrap\" ><p  class=\"font-161747 fontsize-338686 font-weight-600 fontheight-179065 fontspace-111509 fontspace-111509\"><span class=\"uncode-counter counter text-accent-color\" data-val=\"350\">350<\/span><span class=\"counter-suffix text-accent-color\">+<\/span><\/p><\/div><div class=\"vc_custom_heading_wrap\"><div class=\"heading-text el-text\" ><h3 class=\"font-161747 h3 fontspace-781688 font-weight-600\" ><span>mandats compl\u00e9t\u00e9s<\/span><\/h3><\/div><div class=\"clear\"><\/div><\/div><\/div><\/div><\/div><\/div><\/div><div class=\"wpb_column pos-top pos-center align_left column_child col-lg-3 col-md-50 col-md-clear col-sm-50 col-sm-clear half-internal-gutter\"><div class=\"uncol style-dark\" ><div class=\"uncoltable\"><div class=\"uncell no-block-padding\" ><div class=\"uncont\" ><div class=\"uncode-wrapper uncode-counter-wrap\" ><p  class=\"font-161747 fontsize-338686 font-weight-600 fontheight-179065 fontspace-111509 fontspace-111509\"><span class=\"uncode-counter counter text-accent-color\" data-val=\"120\">120<\/span><span class=\"counter-suffix text-accent-color\">%<\/span><\/p><\/div><div class=\"vc_custom_heading_wrap\"><div class=\"heading-text el-text\" ><h3 class=\"font-161747 h3 fontspace-781688 font-weight-600\" ><span>d\u2019engagement envers nos clients<\/span><\/h3><\/div><div class=\"clear\"><\/div><\/div><\/div><\/div><\/div><\/div><\/div><\/div><\/div><\/div><\/div><\/div><\/div><\/div><\/div><script id=\"script-row-unique-2\" data-row=\"script-row-unique-2\" type=\"text\/javascript\" class=\"vc_controls\">UNCODE.initRow(document.getElementById(\"row-unique-2\"));<\/script><\/div><\/div><\/div><div data-parent=\"true\" class=\"vc_row style-color-xsdn-bg row-container\" style=\"z-index: 1;\" id=\"row-unique-3\"><div class=\"row penta-top-padding penta-bottom-padding single-h-padding limit-width row-parent\"><div class=\"wpb_row row-inner\"><div class=\"wpb_column pos-top pos-center align_left column_parent col-lg-12 double-internal-gutter\"><div class=\"uncol style-light font-161747 animate_when_almost_visible right-t-left\"  data-speed=\"1000\"><div class=\"uncoltable\"><div class=\"uncell no-block-padding\" ><div class=\"uncont\" ><div class=\"vc_row row-internal row-container\"><div class=\"row col-double-gutter row-child\"><div class=\"wpb_row row-inner\"><div class=\"wpb_column pos-middle pos-center align_left column_child col-lg-9 col-md-50 single-internal-gutter\"><div class=\"uncol style-light\" ><div class=\"uncoltable\"><div class=\"uncell no-block-padding\" ><div class=\"uncont\" ><div class=\"vc_custom_heading_wrap\"><div class=\"heading-text el-text\" ><h2 class=\"font-161747 fontsize-155944 fontspace-781688 font-weight-600\" ><span>Perspectives<\/span><\/h2><\/div><div class=\"clear\"><\/div><\/div><\/div><\/div><\/div><\/div><\/div><div class=\"wpb_column pos-middle pos-center align_right column_child col-lg-3 mobile-hidden col-md-50 single-internal-gutter\"><div class=\"uncol style-light\" ><div class=\"uncoltable\"><div class=\"uncell no-block-padding\" ><div class=\"uncont\" ><span class=\"btn-container\" ><a role=\"button\"  href=\"#\" class=\"custom-link btn btn-lg btn-custom-typo font-161747 font-weight-600 text-initial fontspace-111509 border-width-0 btn-accent btn-circle btn-flat btn-no-scale btn-icon-left\" title=\"Blog Grid\">To the Blog<\/a><\/span><\/div><\/div><\/div><\/div><\/div><\/div><\/div><\/div><div class=\"owl-carousel-wrapper carousel-overflow-visible carousel-not-clickable carousel-animation-first\" >\n\t\t\t\t\t\t\t\t\t\t\t\t\t<div class=\"owl-carousel-container owl-carousel-loading double-gutter\" >\t\t\t\t\t\t\t\t\t\t\t\t<div id=\"index-1972898\" class=\"owl-carousel owl-element owl-height-auto\" data-navmobile=\"false\" data-navspeed=\"700\" data-autoplay=\"false\" data-stagepadding=\"0\" data-lg=\"3\" data-md=\"3\" data-sm=\"1\" data-vp-height=\"false\">\t\t\t<div class=\"tmb tmb-carousel atc-typography-inherit tmb-iso-h33 tmb-light tmb-content-left tmb-image-anim-magnetic tmb-meta-size-large tmb-meta-weight-600  grid-cat-67 tmb-id-1 tmb-mask tmb-mask-reveal tmb-img-ratio tmb-only-text tmb-content-under tmb-no-bg\" ><div class=\"t-inside\" data-cursor=\"icon-accent\" data-speed=\"800\" data-bg-delay=\"0.5\"><div class=\"t-entry-text\">\n\t\t\t\t\t\t\t\t\t<div class=\"t-entry-text-tc no-block-padding\"><div class=\"t-entry\"><p class=\"t-entry-meta\"><span class=\"t-entry-date\">mai 23, 2025<\/span><\/p><h3 class=\"t-entry-title font-161747 h2 font-weight-600 fontspace-111509 title-scale\"><a href=\"https:\/\/webrisor.com\/fr\/2025\/05\/23\/webjy-media-new-name\/\" target=\"_self\">Webjy Media a un nouveau nom<\/a><\/h3><div class=\"spacer spacer-one half-space\"><\/div><div class=\"t-entry-excerpt\"><\/div><\/div><\/div>\n\t\t\t\t\t\t\t<\/div><\/div><\/div>\t\t<\/div>\t\n\t\n\n\t<\/div>\t\t\t\t<\/div>\n<div class=\"uncode-owl-nav-wrap\"><div class=\"uncode-owl-nav-out skin-inherit\"><div class=\"uncode-owl-nav carousel-nav-256059-custom  dots-look-default pos-rel h-align-left owl-nav-no-block-padding arrows-transparent arrows-bg-no animated-arrows font-161747 h6 font-weight-700 no-width\" data-target=\"#index-1972898\" data-dots=\"classic\"><div class=\"uncode-owl-nav-in uncode-owl-nav-waiting\"><div class=\"uncode-owl-nav-safe\" ><span class=\"uncode-nav-limit-before\"><\/span><span class=\"uncode-nav-prev\"><span class=\"uncode-nav-container-wrap\"><span class=\"uncode-nav-container\" tabindex=\"0\" role=\"button\" aria-label=\"Previous\"><span><i class=\"fa fa-angle-right fa-1x\"><\/i><\/span><\/span><\/span><\/span><span class=\"uncode-nav-counter\"><span class=\"uncode-nav-counter-index\"><\/span><span class=\"uncode-nav-counter-separator\"><\/span><span class=\"uncode-nav-counter-total\"><\/span><\/span><span class=\"uncode-nav-next\"><span class=\"uncode-nav-container-wrap\"><span class=\"uncode-nav-container\" tabindex=\"0\" role=\"button\" aria-label=\"Next\"><span><i class=\"fa fa-angle-right fa-1x\"><\/i><\/span><\/span><\/span><\/span><span class=\"uncode-nav-limit-after\"><\/span><\/div><\/div><\/div><\/div><\/div><\/div><\/div><\/div><\/div><\/div><script id=\"script-row-unique-3\" data-row=\"script-row-unique-3\" type=\"text\/javascript\" class=\"vc_controls\">UNCODE.initRow(document.getElementById(\"row-unique-3\"));<\/script><\/div><\/div><\/div><section data-parent=\"true\" class=\"vc_section style-color-nhtu-bg row-container\" id=\"section-unique-0\"><div class=\"row no-top-padding no-bottom-padding no-h-padding full-width row-parent\"><div data-parent=\"true\" class=\"vc_row parallax-move row-container\"data-parallax-move=\"3\" style=\"z-index: 2;\" id=\"row-unique-4\"><div class=\"row penta-top-padding penta-bottom-padding single-h-padding limit-width row-parent\"><div class=\"wpb_row row-inner\"><div class=\"wpb_column pos-middle pos-center align_center column_parent col-lg-12 double-internal-gutter\"><div class=\"uncol style-dark font-161747 animate_when_almost_visible alpha-anim\"  data-speed=\"1000\"><div class=\"uncoltable\"><div class=\"uncell no-block-padding\" ><div class=\"uncont\" ><div class=\"vc_row row-internal row-container\"><div class=\"row row-child\"><div class=\"wpb_row row-inner\"><div class=\"wpb_column pos-top pos-center align_center align_center_mobile column_child col-lg-12 single-internal-gutter\"><div class=\"uncol style-dark\" ><div class=\"uncoltable\"><div class=\"uncell no-block-padding\" ><div class=\"uncont\" style=\" max-width:744px;\" ><div class=\"vc_custom_heading_wrap\"><div class=\"heading-text el-text\" ><h3 class=\"font-161747 fontsize-338686 fontspace-781688 font-weight-600\" ><span>We&#8217;d love to build something amazing<\/span><\/h3><\/div><div class=\"clear\"><\/div><\/div><div class=\"empty-space empty-half\" ><span class=\"empty-space-inner\"><\/span><\/div>\n<span class=\"btn-container\" ><a role=\"button\"  href=\"https:\/\/webrisor.com\/fr\/contact\/\" class=\"custom-link btn btn-lg btn-custom-typo font-161747 font-weight-600 text-initial fontspace-111509 border-width-0 btn-accent btn-circle btn-flat btn-no-scale btn-icon-left\" title=\"Contact\" target=\"_blank\">Let&#8217;s Talk<\/a><\/span><\/div><\/div><\/div><\/div><\/div><\/div><\/div><\/div><div class=\"divider-wrapper\"  >\n    <hr class=\"border-color-prif-color separator-no-padding\"  \/>\n<\/div>\n<\/div><\/div><\/div><\/div><\/div><script id=\"script-row-unique-4\" data-row=\"script-row-unique-4\" type=\"text\/javascript\" class=\"vc_controls\">UNCODE.initRow(document.getElementById(\"row-unique-4\"));<\/script><\/div><\/div><\/div><script id=\"script-section-unique-0\" data-section=\"script-section-unique-0\" type=\"text\/javascript\">UNCODE.initSection(document.getElementById(\"section-unique-0\"));<\/script><\/div><\/section>\n<\/div>","protected":false},"excerpt":{"rendered":"After years of growing brands under the name Webjy Media, we\u2019re excited to share our next chapter: Webjy Media is [...]","protected":false},"author":1,"featured_media":0,"parent":0,"menu_order":0,"comment_status":"closed","ping_status":"closed","template":"","meta":{"footnotes":""},"class_list":["post-90081","page","type-page","status-publish","hentry","page_category-agency","page_category-creative"],"_links":{"self":[{"href":"https:\/\/webrisor.com\/fr\/wp-json\/wp\/v2\/pages\/90081","targetHints":{"allow":["GET"]}}],"collection":[{"href":"https:\/\/webrisor.com\/fr\/wp-json\/wp\/v2\/pages"}],"about":[{"href":"https:\/\/webrisor.com\/fr\/wp-json\/wp\/v2\/types\/page"}],"author":[{"embeddable":true,"href":"https:\/\/webrisor.com\/fr\/wp-json\/wp\/v2\/users\/1"}],"replies":[{"embeddable":true,"href":"https:\/\/webrisor.com\/fr\/wp-json\/wp\/v2\/comments?post=90081"}],"version-history":[{"count":22,"href":"https:\/\/webrisor.com\/fr\/wp-json\/wp\/v2\/pages\/90081\/revisions"}],"predecessor-version":[{"id":156045,"href":"https:\/\/webrisor.com\/fr\/wp-json\/wp\/v2\/pages\/90081\/revisions\/156045"}],"wp:attachment":[{"href":"https:\/\/webrisor.com\/fr\/wp-json\/wp\/v2\/media?parent=90081"}],"curies":[{"name":"wp","href":"https:\/\/api.w.org\/{rel}","templated":true}]}}